{"id":2582,"date":"2016-05-16T10:49:09","date_gmt":"2016-05-16T09:49:09","guid":{"rendered":"http:\/\/olivier.hoarau.org\/?page_id=2582"},"modified":"2017-01-31T17:55:05","modified_gmt":"2017-01-31T16:55:05","slug":"baie-de-morlaix","status":"publish","type":"page","link":"https:\/\/olivier.hoarau.org\/?page_id=2582","title":{"rendered":"Baie de Morlaix"},"content":{"rendered":"<p>Navigation en voilier dans la baie de Morlaix, remont\u00e9e jusqu&rsquo;\u00e0 Dourduff en mer \u00e0 l&#8217;embouchure de la rivi\u00e8re de Morlaix.<\/p>\nngg_shortcode_0_placeholder\n","protected":false},"excerpt":{"rendered":"<p>Navigation en voilier dans la baie de Morlaix, remont\u00e9e jusqu&rsquo;\u00e0 Dourduff en mer \u00e0 l&#8217;embouchure de la rivi\u00e8re de Morlaix.<\/p>\n","protected":false},"author":4,"featured_media":0,"parent":1636,"menu_order":0,"comment_status":"closed","ping_status":"closed","template":"page-templates\/full-width.php","meta":{"ngg_post_thumbnail":0,"footnotes":""},"class_list":["post-2582","page","type-page","status-publish","hentry"],"jetpack_sharing_enabled":true,"jetpack_shortlink":"https:\/\/wp.me\/PeOjJ-FE","jetpack_likes_enabled":true,"_links":{"self":[{"href":"https:\/\/olivier.hoarau.org\/index.php?rest_route=\/wp\/v2\/pages\/2582","targetHints":{"allow":["GET"]}}],"collection":[{"href":"https:\/\/olivier.hoarau.org\/index.php?rest_route=\/wp\/v2\/pages"}],"about":[{"href":"https:\/\/olivier.hoarau.org\/index.php?rest_route=\/wp\/v2\/types\/page"}],"author":[{"embeddable":true,"href":"https:\/\/olivier.hoarau.org\/index.php?rest_route=\/wp\/v2\/users\/4"}],"replies":[{"embeddable":true,"href":"https:\/\/olivier.hoarau.org\/index.php?rest_route=%2Fwp%2Fv2%2Fcomments&post=2582"}],"version-history":[{"count":3,"href":"https:\/\/olivier.hoarau.org\/index.php?rest_route=\/wp\/v2\/pages\/2582\/revisions"}],"predecessor-version":[{"id":2809,"href":"https:\/\/olivier.hoarau.org\/index.php?rest_route=\/wp\/v2\/pages\/2582\/revisions\/2809"}],"up":[{"embeddable":true,"href":"https:\/\/olivier.hoarau.org\/index.php?rest_route=\/wp\/v2\/pages\/1636"}],"wp:attachment":[{"href":"https:\/\/olivier.hoarau.org\/index.php?rest_route=%2Fwp%2Fv2%2Fmedia&parent=2582"}],"curies":[{"name":"wp","href":"https:\/\/api.w.org\/{rel}","templated":true}]}}