{"id":2393,"date":"2016-01-03T17:35:07","date_gmt":"2016-01-03T16:35:07","guid":{"rendered":"http:\/\/olivier.hoarau.org\/?page_id=2393"},"modified":"2017-01-31T17:42:35","modified_gmt":"2017-01-31T16:42:35","slug":"chateau-de-chenonceau","status":"publish","type":"page","link":"https:\/\/olivier.hoarau.org\/?page_id=2393","title":{"rendered":"Ch\u00e2teau de Chenonceau"},"content":{"rendered":"<p style=\"text-align: justify;\">Le ch\u00e2teau de Chenonceau fait partie des\u00a0 ch\u00e2teaux de la Loire, c&rsquo;est un des ch\u00e2teaux les plus visit\u00e9s de France et le premier monument priv\u00e9 de France en terme de fr\u00e9quentation. Il a la particularit\u00e9 d&rsquo;enjamber une rivi\u00e8re \u00e0 savoir le Cher. Pour l&rsquo;histoire du chteau je vous renvoie vers <a href=\"https:\/\/fr.wikipedia.org\/wiki\/Ch%C3%A2teau_de_Chenonceau\">la page de wikipedia<\/a>.<\/p>\n<p style=\"text-align: justify;\">Contrairement \u00e0 Chambord toutes les salles sont encore richement meubl\u00e9es jusqu&rsquo;aux cuisines qui m\u00e9ritent le d\u00e9tour. Etant all\u00e9 lors des f\u00eates de fin d&rsquo;ann\u00e9e, on a appr\u00e9ci\u00e9 le peu de monde mais on regrette la pr\u00e9sence de d\u00e9corations de no\u00ebl dans le d\u00e9cor qui g\u00e2che un peu l&rsquo;ensemble car elles n&rsquo;ont rien d&rsquo;historiques.<\/p>\n<p style=\"text-align: justify;\">A d\u00e9couvrir \u00e9galement les jardins \u00e0 la fran\u00e7aise, le labyrinthe, la ferme avec sa collection d&rsquo;attelage.<\/p>\nngg_shortcode_0_placeholder\n","protected":false},"excerpt":{"rendered":"<p>Le ch\u00e2teau de Chenonceau fait partie des\u00a0 ch\u00e2teaux de la Loire, c&rsquo;est un des ch\u00e2teaux les plus visit\u00e9s de France et le premier monument priv\u00e9 de France en terme de fr\u00e9quentation. Il a la particularit\u00e9 d&rsquo;enjamber une rivi\u00e8re \u00e0 savoir le Cher. Pour l&rsquo;histoire du chteau je vous renvoie vers la page de wikipedia. Contrairement &hellip; <a href=\"https:\/\/olivier.hoarau.org\/?page_id=2393\" class=\"more-link\">Continuer la lecture de <span class=\"screen-reader-text\">Ch\u00e2teau de Chenonceau<\/span>  <span class=\"meta-nav\">&rarr;<\/span><\/a><\/p>\n","protected":false},"author":4,"featured_media":0,"parent":2396,"menu_order":0,"comment_status":"closed","ping_status":"closed","template":"page-templates\/full-width.php","meta":{"ngg_post_thumbnail":0,"footnotes":""},"class_list":["post-2393","page","type-page","status-publish","hentry"],"jetpack_sharing_enabled":true,"jetpack_shortlink":"https:\/\/wp.me\/PeOjJ-CB","jetpack_likes_enabled":true,"_links":{"self":[{"href":"https:\/\/olivier.hoarau.org\/index.php?rest_route=\/wp\/v2\/pages\/2393","targetHints":{"allow":["GET"]}}],"collection":[{"href":"https:\/\/olivier.hoarau.org\/index.php?rest_route=\/wp\/v2\/pages"}],"about":[{"href":"https:\/\/olivier.hoarau.org\/index.php?rest_route=\/wp\/v2\/types\/page"}],"author":[{"embeddable":true,"href":"https:\/\/olivier.hoarau.org\/index.php?rest_route=\/wp\/v2\/users\/4"}],"replies":[{"embeddable":true,"href":"https:\/\/olivier.hoarau.org\/index.php?rest_route=%2Fwp%2Fv2%2Fcomments&post=2393"}],"version-history":[{"count":6,"href":"https:\/\/olivier.hoarau.org\/index.php?rest_route=\/wp\/v2\/pages\/2393\/revisions"}],"predecessor-version":[{"id":2801,"href":"https:\/\/olivier.hoarau.org\/index.php?rest_route=\/wp\/v2\/pages\/2393\/revisions\/2801"}],"up":[{"embeddable":true,"href":"https:\/\/olivier.hoarau.org\/index.php?rest_route=\/wp\/v2\/pages\/2396"}],"wp:attachment":[{"href":"https:\/\/olivier.hoarau.org\/index.php?rest_route=%2Fwp%2Fv2%2Fmedia&parent=2393"}],"curies":[{"name":"wp","href":"https:\/\/api.w.org\/{rel}","templated":true}]}}