{"id":1869,"date":"2014-11-02T09:44:07","date_gmt":"2014-11-02T08:44:07","guid":{"rendered":"http:\/\/olivier.hoarau.org\/?page_id=1869"},"modified":"2017-01-31T17:23:39","modified_gmt":"2017-01-31T16:23:39","slug":"sao-miguel","status":"publish","type":"page","link":"https:\/\/olivier.hoarau.org\/?page_id=1869","title":{"rendered":"S\u00e3o Miguel"},"content":{"rendered":"<p>S\u00e3o Miguel est la plus grande \u00eele de l&rsquo;archipel des A\u00e7ores qui appartient au Portugal<\/p>\nngg_shortcode_0_placeholder\n","protected":false},"excerpt":{"rendered":"<p>S\u00e3o Miguel est la plus grande \u00eele de l&rsquo;archipel des A\u00e7ores qui appartient au Portugal<\/p>\n","protected":false},"author":4,"featured_media":0,"parent":1874,"menu_order":0,"comment_status":"closed","ping_status":"open","template":"page-templates\/full-width.php","meta":{"ngg_post_thumbnail":0,"jetpack_post_was_ever_published":false,"footnotes":""},"class_list":["post-1869","page","type-page","status-publish","hentry"],"jetpack_sharing_enabled":true,"jetpack_shortlink":"https:\/\/wp.me\/PeOjJ-u9","jetpack_likes_enabled":true,"_links":{"self":[{"href":"https:\/\/olivier.hoarau.org\/index.php?rest_route=\/wp\/v2\/pages\/1869","targetHints":{"allow":["GET"]}}],"collection":[{"href":"https:\/\/olivier.hoarau.org\/index.php?rest_route=\/wp\/v2\/pages"}],"about":[{"href":"https:\/\/olivier.hoarau.org\/index.php?rest_route=\/wp\/v2\/types\/page"}],"author":[{"embeddable":true,"href":"https:\/\/olivier.hoarau.org\/index.php?rest_route=\/wp\/v2\/users\/4"}],"replies":[{"embeddable":true,"href":"https:\/\/olivier.hoarau.org\/index.php?rest_route=%2Fwp%2Fv2%2Fcomments&post=1869"}],"version-history":[{"count":4,"href":"https:\/\/olivier.hoarau.org\/index.php?rest_route=\/wp\/v2\/pages\/1869\/revisions"}],"predecessor-version":[{"id":2786,"href":"https:\/\/olivier.hoarau.org\/index.php?rest_route=\/wp\/v2\/pages\/1869\/revisions\/2786"}],"up":[{"embeddable":true,"href":"https:\/\/olivier.hoarau.org\/index.php?rest_route=\/wp\/v2\/pages\/1874"}],"wp:attachment":[{"href":"https:\/\/olivier.hoarau.org\/index.php?rest_route=%2Fwp%2Fv2%2Fmedia&parent=1869"}],"curies":[{"name":"wp","href":"https:\/\/api.w.org\/{rel}","templated":true}]}}