{"id":1774,"date":"2014-08-03T17:45:21","date_gmt":"2014-08-03T16:45:21","guid":{"rendered":"http:\/\/olivier.hoarau.org\/?page_id=1774"},"modified":"2017-01-31T17:56:07","modified_gmt":"2017-01-31T16:56:07","slug":"normandie","status":"publish","type":"page","link":"https:\/\/olivier.hoarau.org\/?page_id=1774","title":{"rendered":"Normandie"},"content":{"rendered":"<p style=\"text-align: justify;\">Tourisme en Normandie avec visite des sites du d\u00e9barquement et de Bayeux avec sa cath\u00e9drale et sa c\u00e9l\u00e8bre tapisserie (qui en est pas une en fait&#8230;)<\/p>\nngg_shortcode_0_placeholder\n","protected":false},"excerpt":{"rendered":"<p>Tourisme en Normandie avec visite des sites du d\u00e9barquement et de Bayeux avec sa cath\u00e9drale et sa c\u00e9l\u00e8bre tapisserie (qui en est pas une en fait&#8230;)<\/p>\n","protected":false},"author":4,"featured_media":0,"parent":1638,"menu_order":0,"comment_status":"closed","ping_status":"open","template":"page-templates\/full-width.php","meta":{"ngg_post_thumbnail":0,"jetpack_post_was_ever_published":false,"footnotes":""},"class_list":["post-1774","page","type-page","status-publish","hentry"],"jetpack_sharing_enabled":true,"jetpack_shortlink":"https:\/\/wp.me\/PeOjJ-sC","jetpack_likes_enabled":true,"_links":{"self":[{"href":"https:\/\/olivier.hoarau.org\/index.php?rest_route=\/wp\/v2\/pages\/1774","targetHints":{"allow":["GET"]}}],"collection":[{"href":"https:\/\/olivier.hoarau.org\/index.php?rest_route=\/wp\/v2\/pages"}],"about":[{"href":"https:\/\/olivier.hoarau.org\/index.php?rest_route=\/wp\/v2\/types\/page"}],"author":[{"embeddable":true,"href":"https:\/\/olivier.hoarau.org\/index.php?rest_route=\/wp\/v2\/users\/4"}],"replies":[{"embeddable":true,"href":"https:\/\/olivier.hoarau.org\/index.php?rest_route=%2Fwp%2Fv2%2Fcomments&post=1774"}],"version-history":[{"count":4,"href":"https:\/\/olivier.hoarau.org\/index.php?rest_route=\/wp\/v2\/pages\/1774\/revisions"}],"predecessor-version":[{"id":2811,"href":"https:\/\/olivier.hoarau.org\/index.php?rest_route=\/wp\/v2\/pages\/1774\/revisions\/2811"}],"up":[{"embeddable":true,"href":"https:\/\/olivier.hoarau.org\/index.php?rest_route=\/wp\/v2\/pages\/1638"}],"wp:attachment":[{"href":"https:\/\/olivier.hoarau.org\/index.php?rest_route=%2Fwp%2Fv2%2Fmedia&parent=1774"}],"curies":[{"name":"wp","href":"https:\/\/api.w.org\/{rel}","templated":true}]}}