{"id":1642,"date":"2014-04-13T15:59:32","date_gmt":"2014-04-13T14:59:32","guid":{"rendered":"http:\/\/olivier.hoarau.org\/?page_id=1642"},"modified":"2017-01-31T17:22:23","modified_gmt":"2017-01-31T16:22:23","slug":"iles-feroe","status":"publish","type":"page","link":"https:\/\/olivier.hoarau.org\/?page_id=1642","title":{"rendered":"Iles F\u00e9ro\u00e9"},"content":{"rendered":"<p>Quelques images du bourg de T\u00f3rshavn qui est la capitale de l&rsquo;archipel des \u00eeles F\u00e9ro\u00e9.<\/p>\nngg_shortcode_0_placeholder\n","protected":false},"excerpt":{"rendered":"<p>Quelques images du bourg de T\u00f3rshavn qui est la capitale de l&rsquo;archipel des \u00eeles F\u00e9ro\u00e9.<\/p>\n","protected":false},"author":4,"featured_media":0,"parent":1315,"menu_order":0,"comment_status":"closed","ping_status":"open","template":"page-templates\/full-width.php","meta":{"ngg_post_thumbnail":0,"jetpack_post_was_ever_published":false,"footnotes":""},"class_list":["post-1642","page","type-page","status-publish","hentry"],"jetpack_sharing_enabled":true,"jetpack_shortlink":"https:\/\/wp.me\/PeOjJ-qu","jetpack_likes_enabled":true,"_links":{"self":[{"href":"https:\/\/olivier.hoarau.org\/index.php?rest_route=\/wp\/v2\/pages\/1642","targetHints":{"allow":["GET"]}}],"collection":[{"href":"https:\/\/olivier.hoarau.org\/index.php?rest_route=\/wp\/v2\/pages"}],"about":[{"href":"https:\/\/olivier.hoarau.org\/index.php?rest_route=\/wp\/v2\/types\/page"}],"author":[{"embeddable":true,"href":"https:\/\/olivier.hoarau.org\/index.php?rest_route=\/wp\/v2\/users\/4"}],"replies":[{"embeddable":true,"href":"https:\/\/olivier.hoarau.org\/index.php?rest_route=%2Fwp%2Fv2%2Fcomments&post=1642"}],"version-history":[{"count":6,"href":"https:\/\/olivier.hoarau.org\/index.php?rest_route=\/wp\/v2\/pages\/1642\/revisions"}],"predecessor-version":[{"id":2785,"href":"https:\/\/olivier.hoarau.org\/index.php?rest_route=\/wp\/v2\/pages\/1642\/revisions\/2785"}],"up":[{"embeddable":true,"href":"https:\/\/olivier.hoarau.org\/index.php?rest_route=\/wp\/v2\/pages\/1315"}],"wp:attachment":[{"href":"https:\/\/olivier.hoarau.org\/index.php?rest_route=%2Fwp%2Fv2%2Fmedia&parent=1642"}],"curies":[{"name":"wp","href":"https:\/\/api.w.org\/{rel}","templated":true}]}}