{"id":1569,"date":"2014-02-22T20:09:32","date_gmt":"2014-02-22T19:09:32","guid":{"rendered":"http:\/\/olivier.hoarau.org\/?page_id=1569"},"modified":"2017-01-31T17:08:40","modified_gmt":"2017-01-31T16:08:40","slug":"islande","status":"publish","type":"page","link":"https:\/\/olivier.hoarau.org\/?page_id=1569","title":{"rendered":"Islande"},"content":{"rendered":"<p>L&rsquo;Islande est un pays prodigieux avec des d\u00e9cors \u00e0 couper le souffle.<\/p>\nngg_shortcode_0_placeholder\n<p>Quelques vid\u00e9os le geyser de Strokkur<\/p>\n<p><iframe loading=\"lazy\" src=\"\/\/www.youtube.com\/embed\/a0kKRl_Ej3o\" width=\"420\" height=\"315\" frameborder=\"0\" allowfullscreen=\"allowfullscreen\"><\/iframe><\/p>\n<p>et un tour en motoneige sur le glacier Langj\u00f6kull<\/p>\n<p><iframe loading=\"lazy\" src=\"\/\/www.youtube.com\/embed\/Mk8czzhakuk\" width=\"420\" height=\"315\" frameborder=\"0\" allowfullscreen=\"allowfullscreen\"><\/iframe><\/p>\n","protected":false},"excerpt":{"rendered":"<p>L&rsquo;Islande est un pays prodigieux avec des d\u00e9cors \u00e0 couper le souffle. Quelques vid\u00e9os le geyser de Strokkur et un tour en motoneige sur le glacier Langj\u00f6kull<\/p>\n","protected":false},"author":4,"featured_media":0,"parent":1315,"menu_order":0,"comment_status":"closed","ping_status":"open","template":"page-templates\/full-width.php","meta":{"ngg_post_thumbnail":0,"footnotes":""},"class_list":["post-1569","page","type-page","status-publish","hentry"],"jetpack_sharing_enabled":true,"jetpack_shortlink":"https:\/\/wp.me\/PeOjJ-pj","jetpack_likes_enabled":true,"_links":{"self":[{"href":"https:\/\/olivier.hoarau.org\/index.php?rest_route=\/wp\/v2\/pages\/1569","targetHints":{"allow":["GET"]}}],"collection":[{"href":"https:\/\/olivier.hoarau.org\/index.php?rest_route=\/wp\/v2\/pages"}],"about":[{"href":"https:\/\/olivier.hoarau.org\/index.php?rest_route=\/wp\/v2\/types\/page"}],"author":[{"embeddable":true,"href":"https:\/\/olivier.hoarau.org\/index.php?rest_route=\/wp\/v2\/users\/4"}],"replies":[{"embeddable":true,"href":"https:\/\/olivier.hoarau.org\/index.php?rest_route=%2Fwp%2Fv2%2Fcomments&post=1569"}],"version-history":[{"count":13,"href":"https:\/\/olivier.hoarau.org\/index.php?rest_route=\/wp\/v2\/pages\/1569\/revisions"}],"predecessor-version":[{"id":2777,"href":"https:\/\/olivier.hoarau.org\/index.php?rest_route=\/wp\/v2\/pages\/1569\/revisions\/2777"}],"up":[{"embeddable":true,"href":"https:\/\/olivier.hoarau.org\/index.php?rest_route=\/wp\/v2\/pages\/1315"}],"wp:attachment":[{"href":"https:\/\/olivier.hoarau.org\/index.php?rest_route=%2Fwp%2Fv2%2Fmedia&parent=1569"}],"curies":[{"name":"wp","href":"https:\/\/api.w.org\/{rel}","templated":true}]}}