{"id":1427,"date":"2013-12-08T12:37:33","date_gmt":"2013-12-08T11:37:33","guid":{"rendered":"http:\/\/olivier.hoarau.org\/?page_id=1427"},"modified":"2017-01-31T17:07:18","modified_gmt":"2017-01-31T16:07:18","slug":"charleston","status":"publish","type":"page","link":"https:\/\/olivier.hoarau.org\/?page_id=1427","title":{"rendered":"Charleston"},"content":{"rendered":"<p>Photos de Charleston dans l&rsquo;\u00e9tat de Caroline du sud au sud de la c\u00f4te est des \u00c9tats Unis<\/p>\nngg_shortcode_0_placeholder\n","protected":false},"excerpt":{"rendered":"<p>Photos de Charleston dans l&rsquo;\u00e9tat de Caroline du sud au sud de la c\u00f4te est des \u00c9tats Unis<\/p>\n","protected":false},"author":4,"featured_media":0,"parent":1431,"menu_order":0,"comment_status":"closed","ping_status":"open","template":"page-templates\/full-width.php","meta":{"ngg_post_thumbnail":0,"jetpack_post_was_ever_published":false,"footnotes":""},"class_list":["post-1427","page","type-page","status-publish","hentry"],"jetpack_sharing_enabled":true,"jetpack_shortlink":"https:\/\/wp.me\/PeOjJ-n1","jetpack_likes_enabled":true,"_links":{"self":[{"href":"https:\/\/olivier.hoarau.org\/index.php?rest_route=\/wp\/v2\/pages\/1427","targetHints":{"allow":["GET"]}}],"collection":[{"href":"https:\/\/olivier.hoarau.org\/index.php?rest_route=\/wp\/v2\/pages"}],"about":[{"href":"https:\/\/olivier.hoarau.org\/index.php?rest_route=\/wp\/v2\/types\/page"}],"author":[{"embeddable":true,"href":"https:\/\/olivier.hoarau.org\/index.php?rest_route=\/wp\/v2\/users\/4"}],"replies":[{"embeddable":true,"href":"https:\/\/olivier.hoarau.org\/index.php?rest_route=%2Fwp%2Fv2%2Fcomments&post=1427"}],"version-history":[{"count":6,"href":"https:\/\/olivier.hoarau.org\/index.php?rest_route=\/wp\/v2\/pages\/1427\/revisions"}],"predecessor-version":[{"id":2776,"href":"https:\/\/olivier.hoarau.org\/index.php?rest_route=\/wp\/v2\/pages\/1427\/revisions\/2776"}],"up":[{"embeddable":true,"href":"https:\/\/olivier.hoarau.org\/index.php?rest_route=\/wp\/v2\/pages\/1431"}],"wp:attachment":[{"href":"https:\/\/olivier.hoarau.org\/index.php?rest_route=%2Fwp%2Fv2%2Fmedia&parent=1427"}],"curies":[{"name":"wp","href":"https:\/\/api.w.org\/{rel}","templated":true}]}}