{"id":1263,"date":"2013-06-30T16:07:50","date_gmt":"2013-06-30T15:07:50","guid":{"rendered":"http:\/\/olivier.hoarau.org\/?page_id=1263"},"modified":"2017-01-31T17:41:07","modified_gmt":"2017-01-31T16:41:07","slug":"uss-glamacore","status":"publish","type":"page","link":"https:\/\/olivier.hoarau.org\/?page_id=1263","title":{"rendered":"USS Clamagore"},"content":{"rendered":"<p>Sous marin USS Clamagore SS343 pr\u00e9serv\u00e9 comme mus\u00e9e flottant \u00e0 Mount Pleasant \u00e0 Charleston aux Etats Unis<\/p>\nngg_shortcode_0_placeholder\n","protected":false},"excerpt":{"rendered":"<p>Sous marin USS Clamagore SS343 pr\u00e9serv\u00e9 comme mus\u00e9e flottant \u00e0 Mount Pleasant \u00e0 Charleston aux Etats Unis<\/p>\n","protected":false},"author":4,"featured_media":0,"parent":1264,"menu_order":0,"comment_status":"closed","ping_status":"open","template":"page-templates\/full-width.php","meta":{"ngg_post_thumbnail":0,"jetpack_post_was_ever_published":false,"footnotes":""},"class_list":["post-1263","page","type-page","status-publish","hentry"],"jetpack_sharing_enabled":true,"jetpack_shortlink":"https:\/\/wp.me\/PeOjJ-kn","jetpack_likes_enabled":true,"_links":{"self":[{"href":"https:\/\/olivier.hoarau.org\/index.php?rest_route=\/wp\/v2\/pages\/1263","targetHints":{"allow":["GET"]}}],"collection":[{"href":"https:\/\/olivier.hoarau.org\/index.php?rest_route=\/wp\/v2\/pages"}],"about":[{"href":"https:\/\/olivier.hoarau.org\/index.php?rest_route=\/wp\/v2\/types\/page"}],"author":[{"embeddable":true,"href":"https:\/\/olivier.hoarau.org\/index.php?rest_route=\/wp\/v2\/users\/4"}],"replies":[{"embeddable":true,"href":"https:\/\/olivier.hoarau.org\/index.php?rest_route=%2Fwp%2Fv2%2Fcomments&post=1263"}],"version-history":[{"count":7,"href":"https:\/\/olivier.hoarau.org\/index.php?rest_route=\/wp\/v2\/pages\/1263\/revisions"}],"predecessor-version":[{"id":2799,"href":"https:\/\/olivier.hoarau.org\/index.php?rest_route=\/wp\/v2\/pages\/1263\/revisions\/2799"}],"up":[{"embeddable":true,"href":"https:\/\/olivier.hoarau.org\/index.php?rest_route=\/wp\/v2\/pages\/1264"}],"wp:attachment":[{"href":"https:\/\/olivier.hoarau.org\/index.php?rest_route=%2Fwp%2Fv2%2Fmedia&parent=1263"}],"curies":[{"name":"wp","href":"https:\/\/api.w.org\/{rel}","templated":true}]}}