{"id":1053,"date":"2013-01-01T10:47:10","date_gmt":"2013-01-01T09:47:10","guid":{"rendered":"http:\/\/olivier.hoarau.org\/?page_id=1053"},"modified":"2013-06-30T16:36:06","modified_gmt":"2013-06-30T15:36:06","slug":"le-coin-du-spotter","status":"publish","type":"page","link":"https:\/\/olivier.hoarau.org\/?page_id=1053","title":{"rendered":"Le coin du spotter"},"content":{"rendered":"ngg_shortcode_0_placeholder\n<p>\u00e0 voir \u00e9galement les <a title=\"Avions de l\u2019USS Yorktown\" href=\"http:\/\/olivier.hoarau.org\/?page_id=1260\">avions expos\u00e9s<\/a> sur l&rsquo;USS Yorktown CV10<\/p>\n","protected":false},"excerpt":{"rendered":"<p>\u00e0 voir \u00e9galement les avions expos\u00e9s sur l&rsquo;USS Yorktown CV10<\/p>\n","protected":false},"author":4,"featured_media":0,"parent":1007,"menu_order":0,"comment_status":"closed","ping_status":"closed","template":"","meta":{"ngg_post_thumbnail":0,"jetpack_post_was_ever_published":false,"footnotes":""},"class_list":["post-1053","page","type-page","status-publish","hentry"],"jetpack_sharing_enabled":false,"jetpack_shortlink":"https:\/\/wp.me\/PeOjJ-gZ","jetpack_likes_enabled":true,"_links":{"self":[{"href":"https:\/\/olivier.hoarau.org\/index.php?rest_route=\/wp\/v2\/pages\/1053","targetHints":{"allow":["GET"]}}],"collection":[{"href":"https:\/\/olivier.hoarau.org\/index.php?rest_route=\/wp\/v2\/pages"}],"about":[{"href":"https:\/\/olivier.hoarau.org\/index.php?rest_route=\/wp\/v2\/types\/page"}],"author":[{"embeddable":true,"href":"https:\/\/olivier.hoarau.org\/index.php?rest_route=\/wp\/v2\/users\/4"}],"replies":[{"embeddable":true,"href":"https:\/\/olivier.hoarau.org\/index.php?rest_route=%2Fwp%2Fv2%2Fcomments&post=1053"}],"version-history":[{"count":6,"href":"https:\/\/olivier.hoarau.org\/index.php?rest_route=\/wp\/v2\/pages\/1053\/revisions"}],"predecessor-version":[{"id":1278,"href":"https:\/\/olivier.hoarau.org\/index.php?rest_route=\/wp\/v2\/pages\/1053\/revisions\/1278"}],"up":[{"embeddable":true,"href":"https:\/\/olivier.hoarau.org\/index.php?rest_route=\/wp\/v2\/pages\/1007"}],"wp:attachment":[{"href":"https:\/\/olivier.hoarau.org\/index.php?rest_route=%2Fwp%2Fv2%2Fmedia&parent=1053"}],"curies":[{"name":"wp","href":"https:\/\/api.w.org\/{rel}","templated":true}]}}