{"id":1007,"date":"2012-12-16T11:36:44","date_gmt":"2012-12-16T10:36:44","guid":{"rendered":"http:\/\/olivier.hoarau.org\/?page_id=1007"},"modified":"2013-12-08T13:47:34","modified_gmt":"2013-12-08T12:47:34","slug":"photos-de-voyage","status":"publish","type":"page","link":"https:\/\/olivier.hoarau.org\/?page_id=1007","title":{"rendered":"Galeries photo"},"content":{"rendered":"<p>&nbsp;<\/p>\n<p>Les images ne sont pas pas libres de droit et restent ma propri\u00e9t\u00e9, vous pouvez n\u00e9anmoins les utiliser en citant l&rsquo;origine. Pour une utilisation commerciale, merci de me consulter.<\/p>\n<p>Le coin du spotter<\/p>\nngg_shortcode_0_placeholder\n<p>Mus\u00e9e<\/p>\nngg_shortcode_1_placeholder\n<p>Voyages<\/p>\nngg_shortcode_2_placeholder\n<p>Ev\u00e8nements<\/p>\nngg_shortcode_3_placeholder\n","protected":false},"excerpt":{"rendered":"<p>&nbsp; Les images ne sont pas pas libres de droit et restent ma propri\u00e9t\u00e9, vous pouvez n\u00e9anmoins les utiliser en citant l&rsquo;origine. Pour une utilisation commerciale, merci de me consulter. Le coin du spotter Mus\u00e9e Voyages Ev\u00e8nements<\/p>\n","protected":false},"author":4,"featured_media":0,"parent":0,"menu_order":0,"comment_status":"closed","ping_status":"open","template":"","meta":{"ngg_post_thumbnail":0,"jetpack_post_was_ever_published":false,"footnotes":""},"class_list":["post-1007","page","type-page","status-publish","hentry"],"jetpack_sharing_enabled":true,"jetpack_shortlink":"https:\/\/wp.me\/PeOjJ-gf","jetpack_likes_enabled":true,"_links":{"self":[{"href":"https:\/\/olivier.hoarau.org\/index.php?rest_route=\/wp\/v2\/pages\/1007","targetHints":{"allow":["GET"]}}],"collection":[{"href":"https:\/\/olivier.hoarau.org\/index.php?rest_route=\/wp\/v2\/pages"}],"about":[{"href":"https:\/\/olivier.hoarau.org\/index.php?rest_route=\/wp\/v2\/types\/page"}],"author":[{"embeddable":true,"href":"https:\/\/olivier.hoarau.org\/index.php?rest_route=\/wp\/v2\/users\/4"}],"replies":[{"embeddable":true,"href":"https:\/\/olivier.hoarau.org\/index.php?rest_route=%2Fwp%2Fv2%2Fcomments&post=1007"}],"version-history":[{"count":18,"href":"https:\/\/olivier.hoarau.org\/index.php?rest_route=\/wp\/v2\/pages\/1007\/revisions"}],"predecessor-version":[{"id":1441,"href":"https:\/\/olivier.hoarau.org\/index.php?rest_route=\/wp\/v2\/pages\/1007\/revisions\/1441"}],"wp:attachment":[{"href":"https:\/\/olivier.hoarau.org\/index.php?rest_route=%2Fwp%2Fv2%2Fmedia&parent=1007"}],"curies":[{"name":"wp","href":"https:\/\/api.w.org\/{rel}","templated":true}]}}